{"id":828,"date":"2023-12-30T18:19:09","date_gmt":"2023-12-30T18:19:09","guid":{"rendered":"https:\/\/taxifigueres.com\/?page_id=828"},"modified":"2023-12-30T18:37:51","modified_gmt":"2023-12-30T18:37:51","slug":"politica-de-privacidad","status":"publish","type":"page","link":"https:\/\/taxifigueres.com\/en\/politica-de-privacidad\/","title":{"rendered":"Privacy policy"},"content":{"rendered":"<p>Taxi Figueres, we value and respect your privacy. This Privacy Policy describes how we collect, use and safeguard the personal information you share with us.<\/p>\n\n\n\n<p><strong>1. Information Collected:<\/strong> We collect personal information when you make a booking, you register on our site or interact with us. This may include your name, address, telephone number, email address and details of the trip.<\/p>\n\n\n\n<p><strong>2. Use of Information:<\/strong> We use the information collected to process your reservations, provide personalized services and improve your experience with us. We do not share your information with unaffiliated third parties without your consent.<\/p>\n\n\n\n<p><strong>3. Information security:<\/strong> We take steps to ensure the security of your personal information. We use security protocols to protect the transmission of sensitive data.<\/p>\n\n\n\n<p><strong>4. Cookies and Similar Technologies:<\/strong> We use cookies and similar technologies to improve the functionality of our website and to collect information about how you interact with us online.<\/p>\n\n\n\n<p><strong>5. Third party links:<\/strong> Our website may contain links to third-party sites. We are not responsible for the privacy practices of these sites, and we recommend that you review their privacy policies.<\/p>\n\n\n\n<p><strong>6. Changes in Privacy Policy:<\/strong> We reserve the right to update this Privacy Policy at any time. We will notify you about significant changes by postings on our website.<\/p>\n\n\n\n<p><strong>7. Rights of Access and Control:<\/strong> You have the right to access, correct, or delete your personal information. If you wish to exercise these rights, please contact us.<\/p>\n\n\n\n<p>By using our services, you agree to the terms of this Privacy Policy. For more information or questions about our privacy practices, please do not hesitate to contact us. Thank you for choosing Taxi Figueres.<\/p>","protected":false},"excerpt":{"rendered":"<p>En Taxi Figueres, valoramos y respetamos tu privacidad. Esta Pol\u00edtica de Privacidad describe c\u00f3mo recopilamos, utilizamos y protegemos la informaci\u00f3n personal que compartes con nosotros. 1. Informaci\u00f3n Recopilada: Recopilamos informaci\u00f3n personal cuando realizas una reserva, te registras en nuestro sitio web o interact\u00faas con nosotros. Esto puede incluir tu nombre, direcci\u00f3n, n\u00famero de tel\u00e9fono, direcci\u00f3n&#8230;<\/p>","protected":false},"author":1,"featured_media":0,"parent":0,"menu_order":0,"comment_status":"closed","ping_status":"closed","template":"","meta":{"_kad_post_transparent":"","_kad_post_title":"","_kad_post_layout":"","_kad_post_sidebar_id":"","_kad_post_content_style":"","_kad_post_vertical_padding":"","_kad_post_feature":"","_kad_post_feature_position":"","_kad_post_header":false,"_kad_post_footer":false,"_kad_post_classname":"","footnotes":""},"class_list":["post-828","page","type-page","status-publish","hentry"],"_links":{"self":[{"href":"https:\/\/taxifigueres.com\/en\/wp-json\/wp\/v2\/pages\/828","targetHints":{"allow":["GET"]}}],"collection":[{"href":"https:\/\/taxifigueres.com\/en\/wp-json\/wp\/v2\/pages"}],"about":[{"href":"https:\/\/taxifigueres.com\/en\/wp-json\/wp\/v2\/types\/page"}],"author":[{"embeddable":true,"href":"https:\/\/taxifigueres.com\/en\/wp-json\/wp\/v2\/users\/1"}],"replies":[{"embeddable":true,"href":"https:\/\/taxifigueres.com\/en\/wp-json\/wp\/v2\/comments?post=828"}],"version-history":[{"count":2,"href":"https:\/\/taxifigueres.com\/en\/wp-json\/wp\/v2\/pages\/828\/revisions"}],"predecessor-version":[{"id":831,"href":"https:\/\/taxifigueres.com\/en\/wp-json\/wp\/v2\/pages\/828\/revisions\/831"}],"wp:attachment":[{"href":"https:\/\/taxifigueres.com\/en\/wp-json\/wp\/v2\/media?parent=828"}],"curies":[{"name":"wp","href":"https:\/\/api.w.org\/{rel}","templated":true}]}}